{"id":1360,"date":"2020-04-16T08:05:45","date_gmt":"2020-04-16T06:05:45","guid":{"rendered":"https:\/\/www.ambiance-atelier-lh.fr\/?page_id=1360"},"modified":"2020-05-24T18:14:43","modified_gmt":"2020-05-24T16:14:43","slug":"ref-bat0320-4-bateau-faux-pioche-creation-original-unique","status":"publish","type":"page","link":"https:\/\/www.ambiance-atelier-lh.fr\/index.php\/ref-bat0320-4-bateau-faux-pioche-creation-original-unique\/","title":{"rendered":"Ref: bat0320-4"},"content":{"rendered":"\t\t<div data-elementor-type=\"wp-page\" data-elementor-id=\"1360\" class=\"elementor elementor-1360\" data-elementor-settings=\"[]\">\n\t\t\t\t\t\t<div class=\"elementor-inner\">\n\t\t\t\t\t\t\t<div class=\"elementor-section-wrap\">\n\t\t\t\t\t\t\t<section class=\"elementor-section elementor-top-section elementor-element elementor-element-ced5441 elementor-section-content-middle elementor-section-full_width elementor-section-height-default elementor-section-height-default\" data-id=\"ced5441\" data-element_type=\"section\" data-settings=\"{&quot;background_background&quot;:&quot;classic&quot;,&quot;_ha_eqh_enable&quot;:false,&quot;ekit_has_onepagescroll_dot&quot;:&quot;yes&quot;}\">\n\t\t\t\t\t\t<div class=\"elementor-container elementor-column-gap-no\">\n\t\t\t\t\t\t\t<div class=\"elementor-row\">\n\t\t\t\t\t<div class=\"elementor-column elementor-col-50 elementor-top-column elementor-element elementor-element-93bf5d4\" data-id=\"93bf5d4\" data-element_type=\"column\">\n\t\t\t<div class=\"elementor-column-wrap elementor-element-populated\">\n\t\t\t\t\t\t\t<div class=\"elementor-widget-wrap\">\n\t\t\t\t\t\t<div class=\"elementor-element elementor-element-cda9bb2 ha-image-grid--masonry elementor-widget elementor-widget-ha-image-grid happy-addon ha-image-grid\" data-id=\"cda9bb2\" data-element_type=\"widget\" data-settings=\"{&quot;layout&quot;:&quot;masonry&quot;,&quot;enable_popup&quot;:&quot;yes&quot;}\" data-widget_type=\"ha-image-grid.default\">\n\t\t\t\t<div class=\"elementor-widget-container\">\n\t\t\t\n\t\t<div class=\"ha-image-grid__wrap hajs-isotope ha-lightbox--has\">\n\t\t\t\t\t\t\t\n\t\t\t\t<a href=\"#\" data-mfp-src=\"https:\/\/www.ambiance-atelier-lh.fr\/wp-content\/uploads\/2020\/03\/2-voiles-grand-2-768x1024.jpg\" class=\"ha-image-grid__item ha-js-lightbox __fltr-1\">\n\t\t\t\t\t<img width=\"768\" height=\"1024\" src=\"https:\/\/www.ambiance-atelier-lh.fr\/wp-content\/uploads\/2020\/03\/2-voiles-grand-2-768x1024.jpg\" class=\"elementor-animation-grow\" alt=\"\" loading=\"lazy\" srcset=\"https:\/\/www.ambiance-atelier-lh.fr\/wp-content\/uploads\/2020\/03\/2-voiles-grand-2-768x1024.jpg 768w, https:\/\/www.ambiance-atelier-lh.fr\/wp-content\/uploads\/2020\/03\/2-voiles-grand-2-225x300.jpg 225w, https:\/\/www.ambiance-atelier-lh.fr\/wp-content\/uploads\/2020\/03\/2-voiles-grand-2.jpg 821w\" sizes=\"(max-width: 768px) 100vw, 768px\" \/>\t\t\t\t<\/a>\n\t\t\t\t\t\t\t\n\t\t\t\t<a href=\"#\" data-mfp-src=\"https:\/\/www.ambiance-atelier-lh.fr\/wp-content\/uploads\/2020\/03\/2-voiles-grand-768x1024.jpg\" class=\"ha-image-grid__item ha-js-lightbox __fltr-1\">\n\t\t\t\t\t<img width=\"768\" height=\"1024\" src=\"https:\/\/www.ambiance-atelier-lh.fr\/wp-content\/uploads\/2020\/03\/2-voiles-grand-768x1024.jpg\" class=\"elementor-animation-grow\" alt=\"\" loading=\"lazy\" srcset=\"https:\/\/www.ambiance-atelier-lh.fr\/wp-content\/uploads\/2020\/03\/2-voiles-grand-768x1024.jpg 768w, https:\/\/www.ambiance-atelier-lh.fr\/wp-content\/uploads\/2020\/03\/2-voiles-grand-225x300.jpg 225w, https:\/\/www.ambiance-atelier-lh.fr\/wp-content\/uploads\/2020\/03\/2-voiles-grand.jpg 821w\" sizes=\"(max-width: 768px) 100vw, 768px\" \/>\t\t\t\t<\/a>\n\t\t\t\t\t\t\t\n\t\t\t\t<a href=\"#\" data-mfp-src=\"https:\/\/www.ambiance-atelier-lh.fr\/wp-content\/uploads\/2020\/03\/ambiance-atelier-decoration-industriel-bateau-objet-lehavre-caen-rouen-76-27-14-10-1024x768.jpg\" class=\"ha-image-grid__item ha-js-lightbox __fltr-1\">\n\t\t\t\t\t<img width=\"768\" height=\"576\" src=\"https:\/\/www.ambiance-atelier-lh.fr\/wp-content\/uploads\/2020\/03\/ambiance-atelier-decoration-industriel-bateau-objet-lehavre-caen-rouen-76-27-14-10-768x576.jpg\" class=\"elementor-animation-grow\" alt=\"\" loading=\"lazy\" srcset=\"https:\/\/www.ambiance-atelier-lh.fr\/wp-content\/uploads\/2020\/03\/ambiance-atelier-decoration-industriel-bateau-objet-lehavre-caen-rouen-76-27-14-10-768x576.jpg 768w, https:\/\/www.ambiance-atelier-lh.fr\/wp-content\/uploads\/2020\/03\/ambiance-atelier-decoration-industriel-bateau-objet-lehavre-caen-rouen-76-27-14-10-scaled-600x450.jpg 600w, https:\/\/www.ambiance-atelier-lh.fr\/wp-content\/uploads\/2020\/03\/ambiance-atelier-decoration-industriel-bateau-objet-lehavre-caen-rouen-76-27-14-10-300x225.jpg 300w, https:\/\/www.ambiance-atelier-lh.fr\/wp-content\/uploads\/2020\/03\/ambiance-atelier-decoration-industriel-bateau-objet-lehavre-caen-rouen-76-27-14-10-1024x768.jpg 1024w, https:\/\/www.ambiance-atelier-lh.fr\/wp-content\/uploads\/2020\/03\/ambiance-atelier-decoration-industriel-bateau-objet-lehavre-caen-rouen-76-27-14-10-1536x1152.jpg 1536w, https:\/\/www.ambiance-atelier-lh.fr\/wp-content\/uploads\/2020\/03\/ambiance-atelier-decoration-industriel-bateau-objet-lehavre-caen-rouen-76-27-14-10-2048x1536.jpg 2048w\" sizes=\"(max-width: 768px) 100vw, 768px\" \/>\t\t\t\t<\/a>\n\t\t\t\t\t\t\t\n\t\t\t\t<a href=\"#\" data-mfp-src=\"https:\/\/www.ambiance-atelier-lh.fr\/wp-content\/uploads\/2020\/03\/ambiance-atelier-decoration-industriel-bateau-objet-lehavre-caen-rouen-76-27-14-3-768x1024.jpg\" class=\"ha-image-grid__item ha-js-lightbox __fltr-1\">\n\t\t\t\t\t<img width=\"768\" height=\"1024\" src=\"https:\/\/www.ambiance-atelier-lh.fr\/wp-content\/uploads\/2020\/03\/ambiance-atelier-decoration-industriel-bateau-objet-lehavre-caen-rouen-76-27-14-3-768x1024.jpg\" class=\"elementor-animation-grow\" alt=\"\" loading=\"lazy\" srcset=\"https:\/\/www.ambiance-atelier-lh.fr\/wp-content\/uploads\/2020\/03\/ambiance-atelier-decoration-industriel-bateau-objet-lehavre-caen-rouen-76-27-14-3-768x1024.jpg 768w, https:\/\/www.ambiance-atelier-lh.fr\/wp-content\/uploads\/2020\/03\/ambiance-atelier-decoration-industriel-bateau-objet-lehavre-caen-rouen-76-27-14-3-scaled-600x800.jpg 600w, https:\/\/www.ambiance-atelier-lh.fr\/wp-content\/uploads\/2020\/03\/ambiance-atelier-decoration-industriel-bateau-objet-lehavre-caen-rouen-76-27-14-3-225x300.jpg 225w, https:\/\/www.ambiance-atelier-lh.fr\/wp-content\/uploads\/2020\/03\/ambiance-atelier-decoration-industriel-bateau-objet-lehavre-caen-rouen-76-27-14-3-1152x1536.jpg 1152w, https:\/\/www.ambiance-atelier-lh.fr\/wp-content\/uploads\/2020\/03\/ambiance-atelier-decoration-industriel-bateau-objet-lehavre-caen-rouen-76-27-14-3-1536x2048.jpg 1536w, https:\/\/www.ambiance-atelier-lh.fr\/wp-content\/uploads\/2020\/03\/ambiance-atelier-decoration-industriel-bateau-objet-lehavre-caen-rouen-76-27-14-3-scaled.jpg 1920w\" sizes=\"(max-width: 768px) 100vw, 768px\" \/>\t\t\t\t<\/a>\n\t\t\t\t\t\t\t\n\t\t\t\t<a href=\"#\" data-mfp-src=\"https:\/\/www.ambiance-atelier-lh.fr\/wp-content\/uploads\/2020\/03\/2-bateaux-2-1024x768.jpg\" class=\"ha-image-grid__item ha-js-lightbox __fltr-1\">\n\t\t\t\t\t<img width=\"768\" height=\"576\" src=\"https:\/\/www.ambiance-atelier-lh.fr\/wp-content\/uploads\/2020\/03\/2-bateaux-2-768x576.jpg\" class=\"elementor-animation-grow\" alt=\"\" loading=\"lazy\" srcset=\"https:\/\/www.ambiance-atelier-lh.fr\/wp-content\/uploads\/2020\/03\/2-bateaux-2-768x576.jpg 768w, https:\/\/www.ambiance-atelier-lh.fr\/wp-content\/uploads\/2020\/03\/2-bateaux-2-300x225.jpg 300w, https:\/\/www.ambiance-atelier-lh.fr\/wp-content\/uploads\/2020\/03\/2-bateaux-2-1024x768.jpg 1024w, https:\/\/www.ambiance-atelier-lh.fr\/wp-content\/uploads\/2020\/03\/2-bateaux-2.jpg 1095w\" sizes=\"(max-width: 768px) 100vw, 768px\" \/>\t\t\t\t<\/a>\n\t\t\t\t\t<\/div>\n\n\t\t\t\t<\/div>\n\t\t\t\t<\/div>\n\t\t\t\t\t\t<\/div>\n\t\t\t\t\t<\/div>\n\t\t<\/div>\n\t\t\t\t<div class=\"elementor-column elementor-col-50 elementor-top-column elementor-element elementor-element-c98a812\" data-id=\"c98a812\" data-element_type=\"column\">\n\t\t\t<div class=\"elementor-column-wrap elementor-element-populated\">\n\t\t\t\t\t\t\t<div class=\"elementor-widget-wrap\">\n\t\t\t\t\t\t<div class=\"elementor-element elementor-element-e1aae7c elementor-widget elementor-widget-heading\" data-id=\"e1aae7c\" data-element_type=\"widget\" data-widget_type=\"heading.default\">\n\t\t\t\t<div class=\"elementor-widget-container\">\n\t\t\t<h1 class=\"elementor-heading-title elementor-size-default\"><b>R\u00e9f: Bat0320-4<\/b><\/h1>\t\t<\/div>\n\t\t\t\t<\/div>\n\t\t\t\t<div class=\"elementor-element elementor-element-758ccab elementor-widget elementor-widget-heading\" data-id=\"758ccab\" data-element_type=\"widget\" data-widget_type=\"heading.default\">\n\t\t\t\t<div class=\"elementor-widget-container\">\n\t\t\t<h1 class=\"elementor-heading-title elementor-size-default\">Dimensions<\/h1>\t\t<\/div>\n\t\t\t\t<\/div>\n\t\t\t\t<div class=\"elementor-element elementor-element-8b6f063 elementor-widget elementor-widget-text-editor\" data-id=\"8b6f063\" data-element_type=\"widget\" data-widget_type=\"text-editor.default\">\n\t\t\t\t<div class=\"elementor-widget-container\">\n\t\t\t\t\t<div class=\"elementor-text-editor elementor-clearfix\"><p>Hauteur en cm :\u00a0 \u00a0 \u00a0 \u00a0 80<\/p><p>Profondeur en cm :\u00a0 \u00a013<\/p><p>Longueur en cm:\u00a0 \u00a0 \u00a0 \u00a060<\/p><p>Poids en Kg:<\/p><\/div>\n\t\t\t\t<\/div>\n\t\t\t\t<\/div>\n\t\t\t\t<div class=\"elementor-element elementor-element-3489ff9 elementor-widget elementor-widget-heading\" data-id=\"3489ff9\" data-element_type=\"widget\" data-widget_type=\"heading.default\">\n\t\t\t\t<div class=\"elementor-widget-container\">\n\t\t\t<h5 class=\"elementor-heading-title elementor-size-default\">R\u00e9alisation:<\/h5>\t\t<\/div>\n\t\t\t\t<\/div>\n\t\t\t\t<div class=\"elementor-element elementor-element-6b1b61a elementor-widget elementor-widget-text-editor\" data-id=\"6b1b61a\" data-element_type=\"widget\" data-widget_type=\"text-editor.default\">\n\t\t\t\t<div class=\"elementor-widget-container\">\n\t\t\t\t\t<div class=\"elementor-text-editor elementor-clearfix\"><p>R\u00e9alis\u00e9 \u00e0 partir d&#8217;un fer de pioche et fer de faucilles et fer de faux soud\u00e9s ensemble, les haubans sont en c\u00e2ble inox. Le support est une partie de solive&nbsp;<\/p><\/div>\n\t\t\t\t<\/div>\n\t\t\t\t<\/div>\n\t\t\t\t<div class=\"elementor-element elementor-element-bb9a6dc elementor-widget elementor-widget-text-editor\" data-id=\"bb9a6dc\" data-element_type=\"widget\" data-widget_type=\"text-editor.default\">\n\t\t\t\t<div class=\"elementor-widget-container\">\n\t\t\t\t\t<div class=\"elementor-text-editor elementor-clearfix\"><\/div>\n\t\t\t\t<\/div>\n\t\t\t\t<\/div>\n\t\t\t\t<div class=\"elementor-element elementor-element-11bc718 elementor-widget elementor-widget-e_image_hover_effects\" data-id=\"11bc718\" data-element_type=\"widget\" data-widget_type=\"e_image_hover_effects.default\">\n\t\t\t\t<div class=\"elementor-widget-container\">\n\t\t\t\t\t\t<div class=\"eihe-box eihe-slide-right eihe_center\">\r\n\t\t\t\t<img width=\"536\" height=\"48\" src=\"https:\/\/www.ambiance-atelier-lh.fr\/wp-content\/uploads\/2020\/04\/tarif-8.png\" class=\"attachment-medium_large size-medium_large\" alt=\"\" loading=\"lazy\" srcset=\"https:\/\/www.ambiance-atelier-lh.fr\/wp-content\/uploads\/2020\/04\/tarif-8.png 536w, https:\/\/www.ambiance-atelier-lh.fr\/wp-content\/uploads\/2020\/04\/tarif-8-300x27.png 300w\" sizes=\"(max-width: 536px) 100vw, 536px\" \/>\t\t\t\t<div class=\"eihe-caption\">\r\n\t\t\t\t\t<div class=\"eihe-title-cover\">\r\n\t\t\t\t\t\t\t\t\t\t\t\t<h3 class=\"eihe-title\">D\u00e9j\u00e0 vendu<\/h3>\r\n\t\t\t\t\t\t\t\t\t\t\t<\/div>\r\n\t\t\t\t\t<p><\/p>\r\n\t\t\t\t<\/div>\r\n\t\t\t<\/div>\r\n\t\t\t\t<\/div>\n\t\t\t\t<\/div>\n\t\t\t\t\t\t<\/div>\n\t\t\t\t\t<\/div>\n\t\t<\/div>\n\t\t\t\t\t\t\t\t<\/div>\n\t\t\t\t\t<\/div>\n\t\t<\/section>\n\t\t\t\t<section data-ha-element-link=\"{&quot;url&quot;:&quot;https:\\\/\\\/www.ambiance-atelier-lh.fr\\\/index.php\\\/seinemaritime-eure-calvados-engrenage-pioche-faux-faucille-bois-decoration-creation-invention-unique-vintage\\\/&quot;,&quot;is_external&quot;:&quot;&quot;,&quot;nofollow&quot;:&quot;&quot;,&quot;custom_attributes&quot;:&quot;&quot;}\" style=\"cursor: pointer\" class=\"elementor-section elementor-top-section elementor-element elementor-element-c9dd695 elementor-section-boxed elementor-section-height-default elementor-section-height-default\" data-id=\"c9dd695\" data-element_type=\"section\" data-settings=\"{&quot;background_background&quot;:&quot;classic&quot;,&quot;_ha_eqh_enable&quot;:false,&quot;ekit_has_onepagescroll_dot&quot;:&quot;yes&quot;}\">\n\t\t\t\t\t\t<div class=\"elementor-container elementor-column-gap-default\">\n\t\t\t\t\t\t\t<div class=\"elementor-row\">\n\t\t\t\t\t<div class=\"elementor-column elementor-col-33 elementor-top-column elementor-element elementor-element-0f1466e\" data-id=\"0f1466e\" data-element_type=\"column\">\n\t\t\t<div class=\"elementor-column-wrap elementor-element-populated\">\n\t\t\t\t\t\t\t<div class=\"elementor-widget-wrap\">\n\t\t\t\t\t\t<div class=\"elementor-element elementor-element-f93da67 elementor-widget elementor-widget-heading\" data-id=\"f93da67\" data-element_type=\"widget\" data-widget_type=\"heading.default\">\n\t\t\t\t<div class=\"elementor-widget-container\">\n\t\t\t<h2 class=\"elementor-heading-title elementor-size-default\">Revenir aux Objets<\/h2>\t\t<\/div>\n\t\t\t\t<\/div>\n\t\t\t\t\t\t<\/div>\n\t\t\t\t\t<\/div>\n\t\t<\/div>\n\t\t\t\t<div class=\"elementor-column elementor-col-33 elementor-top-column elementor-element elementor-element-ceb3347\" data-id=\"ceb3347\" data-element_type=\"column\">\n\t\t\t<div class=\"elementor-column-wrap elementor-element-populated\">\n\t\t\t\t\t\t\t<div class=\"elementor-widget-wrap\">\n\t\t\t\t\t\t<div class=\"elementor-element elementor-element-4ba373f elementor-view-default elementor-widget elementor-widget-icon\" data-id=\"4ba373f\" data-element_type=\"widget\" data-widget_type=\"icon.default\">\n\t\t\t\t<div class=\"elementor-widget-container\">\n\t\t\t\t\t<div class=\"elementor-icon-wrapper\">\n\t\t\t<div class=\"elementor-icon\">\n\t\t\t<i aria-hidden=\"true\" class=\"fas fa-undo\"><\/i>\t\t\t<\/div>\n\t\t<\/div>\n\t\t\t\t<\/div>\n\t\t\t\t<\/div>\n\t\t\t\t\t\t<\/div>\n\t\t\t\t\t<\/div>\n\t\t<\/div>\n\t\t\t\t<div class=\"elementor-column elementor-col-33 elementor-top-column elementor-element elementor-element-7910949\" data-id=\"7910949\" data-element_type=\"column\">\n\t\t\t<div class=\"elementor-column-wrap\">\n\t\t\t\t\t\t\t<div class=\"elementor-widget-wrap\">\n\t\t\t\t\t\t\t\t<\/div>\n\t\t\t\t\t<\/div>\n\t\t<\/div>\n\t\t\t\t\t\t\t\t<\/div>\n\t\t\t\t\t<\/div>\n\t\t<\/section>\n\t\t\t\t\t\t<\/div>\n\t\t\t\t\t\t<\/div>\n\t\t\t\t\t<\/div>\n\t\t","protected":false},"excerpt":{"rendered":"<p>R\u00e9f: Bat0320-4 Dimensions Hauteur en cm :\u00a0 \u00a0 \u00a0 \u00a0 80 Profondeur en cm :\u00a0 \u00a013 Longueur en cm:\u00a0 \u00a0 \u00a0 \u00a060 Poids en Kg: R\u00e9alisation: R\u00e9alis\u00e9 \u00e0 partir d&#8217;un fer de pioche et fer de faucilles et fer de faux soud\u00e9s ensemble, les haubans sont en c\u00e2ble inox. Le support est une partie de &hellip;<\/p>\n<p class=\"read-more\"> <a class=\"\" href=\"https:\/\/www.ambiance-atelier-lh.fr\/index.php\/ref-bat0320-4-bateau-faux-pioche-creation-original-unique\/\"> <span class=\"screen-reader-text\">Ref: bat0320-4<\/span> Lire la suite\u00a0\u00bb<\/a><\/p>\n","protected":false},"author":1,"featured_media":0,"parent":0,"menu_order":0,"comment_status":"closed","ping_status":"closed","template":"","meta":[],"yoast_head":"<!-- This site is optimized with the Yoast SEO plugin v14.7 - https:\/\/yoast.com\/wordpress\/plugins\/seo\/ -->\n<title>Ref: bat0320-4 - AMBIANCE ATELIER<\/title>\n<meta name=\"robots\" content=\"index, follow\" \/>\n<meta name=\"googlebot\" content=\"index, follow, max-snippet:-1, max-image-preview:large, max-video-preview:-1\" \/>\n<meta name=\"bingbot\" content=\"index, follow, max-snippet:-1, max-image-preview:large, max-video-preview:-1\" \/>\n<link rel=\"canonical\" href=\"https:\/\/www.ambiance-atelier-lh.fr\/index.php\/ref-bat0320-4-bateau-faux-pioche-creation-original-unique\/\" \/>\n<meta property=\"og:locale\" content=\"fr_FR\" \/>\n<meta property=\"og:type\" content=\"article\" \/>\n<meta property=\"og:title\" content=\"Ref: bat0320-4 - AMBIANCE ATELIER\" \/>\n<meta property=\"og:description\" content=\"R\u00e9f: Bat0320-4 Dimensions Hauteur en cm :\u00a0 \u00a0 \u00a0 \u00a0 80 Profondeur en cm :\u00a0 \u00a013 Longueur en cm:\u00a0 \u00a0 \u00a0 \u00a060 Poids en Kg: R\u00e9alisation: R\u00e9alis\u00e9 \u00e0 partir d&#8217;un fer de pioche et fer de faucilles et fer de faux soud\u00e9s ensemble, les haubans sont en c\u00e2ble inox. Le support est une partie de &hellip; Ref: bat0320-4 Lire la suite\u00a0\u00bb\" \/>\n<meta property=\"og:url\" content=\"https:\/\/www.ambiance-atelier-lh.fr\/index.php\/ref-bat0320-4-bateau-faux-pioche-creation-original-unique\/\" \/>\n<meta property=\"og:site_name\" content=\"AMBIANCE ATELIER\" \/>\n<meta property=\"article:modified_time\" content=\"2020-05-24T16:14:43+00:00\" \/>\n<meta property=\"og:image\" content=\"https:\/\/www.ambiance-atelier-lh.fr\/wp-content\/uploads\/2020\/03\/2-voiles-grand-2-768x1024.jpg\" \/>\n<meta name=\"twitter:card\" content=\"summary_large_image\" \/>\n<script type=\"application\/ld+json\" class=\"yoast-schema-graph\">{\"@context\":\"https:\/\/schema.org\",\"@graph\":[{\"@type\":\"WebSite\",\"@id\":\"https:\/\/www.ambiance-atelier-lh.fr\/#website\",\"url\":\"https:\/\/www.ambiance-atelier-lh.fr\/\",\"name\":\"AMBIANCE ATELIER\",\"description\":\"Un site utilisant WordPress\",\"potentialAction\":[{\"@type\":\"SearchAction\",\"target\":\"https:\/\/www.ambiance-atelier-lh.fr\/?s={search_term_string}\",\"query-input\":\"required name=search_term_string\"}],\"inLanguage\":\"fr-FR\"},{\"@type\":\"ImageObject\",\"@id\":\"https:\/\/www.ambiance-atelier-lh.fr\/index.php\/ref-bat0320-4-bateau-faux-pioche-creation-original-unique\/#primaryimage\",\"inLanguage\":\"fr-FR\",\"url\":\"https:\/\/www.ambiance-atelier-lh.fr\/wp-content\/uploads\/2020\/03\/2-voiles-grand-2.jpg\",\"width\":821,\"height\":1095},{\"@type\":\"WebPage\",\"@id\":\"https:\/\/www.ambiance-atelier-lh.fr\/index.php\/ref-bat0320-4-bateau-faux-pioche-creation-original-unique\/#webpage\",\"url\":\"https:\/\/www.ambiance-atelier-lh.fr\/index.php\/ref-bat0320-4-bateau-faux-pioche-creation-original-unique\/\",\"name\":\"Ref: bat0320-4 - AMBIANCE ATELIER\",\"isPartOf\":{\"@id\":\"https:\/\/www.ambiance-atelier-lh.fr\/#website\"},\"primaryImageOfPage\":{\"@id\":\"https:\/\/www.ambiance-atelier-lh.fr\/index.php\/ref-bat0320-4-bateau-faux-pioche-creation-original-unique\/#primaryimage\"},\"datePublished\":\"2020-04-16T06:05:45+00:00\",\"dateModified\":\"2020-05-24T16:14:43+00:00\",\"inLanguage\":\"fr-FR\",\"potentialAction\":[{\"@type\":\"ReadAction\",\"target\":[\"https:\/\/www.ambiance-atelier-lh.fr\/index.php\/ref-bat0320-4-bateau-faux-pioche-creation-original-unique\/\"]}]}]}<\/script>\n<!-- \/ Yoast SEO plugin. -->","_links":{"self":[{"href":"https:\/\/www.ambiance-atelier-lh.fr\/index.php\/wp-json\/wp\/v2\/pages\/1360"}],"collection":[{"href":"https:\/\/www.ambiance-atelier-lh.fr\/index.php\/wp-json\/wp\/v2\/pages"}],"about":[{"href":"https:\/\/www.ambiance-atelier-lh.fr\/index.php\/wp-json\/wp\/v2\/types\/page"}],"author":[{"embeddable":true,"href":"https:\/\/www.ambiance-atelier-lh.fr\/index.php\/wp-json\/wp\/v2\/users\/1"}],"replies":[{"embeddable":true,"href":"https:\/\/www.ambiance-atelier-lh.fr\/index.php\/wp-json\/wp\/v2\/comments?post=1360"}],"version-history":[{"count":17,"href":"https:\/\/www.ambiance-atelier-lh.fr\/index.php\/wp-json\/wp\/v2\/pages\/1360\/revisions"}],"predecessor-version":[{"id":1872,"href":"https:\/\/www.ambiance-atelier-lh.fr\/index.php\/wp-json\/wp\/v2\/pages\/1360\/revisions\/1872"}],"wp:attachment":[{"href":"https:\/\/www.ambiance-atelier-lh.fr\/index.php\/wp-json\/wp\/v2\/media?parent=1360"}],"curies":[{"name":"wp","href":"https:\/\/api.w.org\/{rel}","templated":true}]}}