{"id":1584,"date":"2020-04-19T16:23:07","date_gmt":"2020-04-19T14:23:07","guid":{"rendered":"https:\/\/www.ambiance-atelier-lh.fr\/?page_id=1584"},"modified":"2020-04-21T12:48:21","modified_gmt":"2020-04-21T10:48:21","slug":"ref-tss0320-1","status":"publish","type":"page","link":"https:\/\/www.ambiance-atelier-lh.fr\/index.php\/ref-tss0320-1\/","title":{"rendered":"R\u00e9f: Tss0320-1"},"content":{"rendered":"\t\t<div data-elementor-type=\"wp-page\" data-elementor-id=\"1584\" class=\"elementor elementor-1584\" data-elementor-settings=\"[]\">\n\t\t\t\t\t\t<div class=\"elementor-inner\">\n\t\t\t\t\t\t\t<div class=\"elementor-section-wrap\">\n\t\t\t\t\t\t\t<section class=\"elementor-section elementor-top-section elementor-element elementor-element-587db63 elementor-section-content-middle elementor-section-full_width elementor-section-height-default elementor-section-height-default\" data-id=\"587db63\" data-element_type=\"section\" data-settings=\"{&quot;background_background&quot;:&quot;classic&quot;,&quot;_ha_eqh_enable&quot;:false,&quot;ekit_has_onepagescroll_dot&quot;:&quot;yes&quot;}\">\n\t\t\t\t\t\t<div class=\"elementor-container elementor-column-gap-no\">\n\t\t\t\t\t\t\t<div class=\"elementor-row\">\n\t\t\t\t\t<div class=\"elementor-column elementor-col-50 elementor-top-column elementor-element elementor-element-ec143a1\" data-id=\"ec143a1\" data-element_type=\"column\">\n\t\t\t<div class=\"elementor-column-wrap elementor-element-populated\">\n\t\t\t\t\t\t\t<div class=\"elementor-widget-wrap\">\n\t\t\t\t\t\t<div class=\"elementor-element elementor-element-3bd185c ha-image-grid--masonry elementor-widget elementor-widget-ha-image-grid happy-addon ha-image-grid\" data-id=\"3bd185c\" data-element_type=\"widget\" data-settings=\"{&quot;layout&quot;:&quot;masonry&quot;,&quot;enable_popup&quot;:&quot;yes&quot;}\" data-widget_type=\"ha-image-grid.default\">\n\t\t\t\t<div class=\"elementor-widget-container\">\n\t\t\t\n\t\t<div class=\"ha-image-grid__wrap hajs-isotope ha-lightbox--has\">\n\t\t\t\t\t\t\t\n\t\t\t\t<a href=\"#\" data-mfp-src=\"https:\/\/www.ambiance-atelier-lh.fr\/wp-content\/uploads\/2020\/03\/ambiance-atelier-decoration-industriel-table-fauteuil-objet-lehavre-caen-rouen-76-27-14-2-1024x768.jpg\" class=\"ha-image-grid__item ha-js-lightbox __fltr-1\">\n\t\t\t\t\t<img width=\"768\" height=\"576\" src=\"https:\/\/www.ambiance-atelier-lh.fr\/wp-content\/uploads\/2020\/03\/ambiance-atelier-decoration-industriel-table-fauteuil-objet-lehavre-caen-rouen-76-27-14-2-768x576.jpg\" class=\"elementor-animation-grow\" alt=\"\" loading=\"lazy\" srcset=\"https:\/\/www.ambiance-atelier-lh.fr\/wp-content\/uploads\/2020\/03\/ambiance-atelier-decoration-industriel-table-fauteuil-objet-lehavre-caen-rouen-76-27-14-2-768x576.jpg 768w, https:\/\/www.ambiance-atelier-lh.fr\/wp-content\/uploads\/2020\/03\/ambiance-atelier-decoration-industriel-table-fauteuil-objet-lehavre-caen-rouen-76-27-14-2-scaled-600x450.jpg 600w, https:\/\/www.ambiance-atelier-lh.fr\/wp-content\/uploads\/2020\/03\/ambiance-atelier-decoration-industriel-table-fauteuil-objet-lehavre-caen-rouen-76-27-14-2-300x225.jpg 300w, https:\/\/www.ambiance-atelier-lh.fr\/wp-content\/uploads\/2020\/03\/ambiance-atelier-decoration-industriel-table-fauteuil-objet-lehavre-caen-rouen-76-27-14-2-1024x768.jpg 1024w, https:\/\/www.ambiance-atelier-lh.fr\/wp-content\/uploads\/2020\/03\/ambiance-atelier-decoration-industriel-table-fauteuil-objet-lehavre-caen-rouen-76-27-14-2-1536x1152.jpg 1536w, https:\/\/www.ambiance-atelier-lh.fr\/wp-content\/uploads\/2020\/03\/ambiance-atelier-decoration-industriel-table-fauteuil-objet-lehavre-caen-rouen-76-27-14-2-2048x1536.jpg 2048w\" sizes=\"(max-width: 768px) 100vw, 768px\" \/>\t\t\t\t<\/a>\n\t\t\t\t\t\t\t\n\t\t\t\t<a href=\"#\" data-mfp-src=\"https:\/\/www.ambiance-atelier-lh.fr\/wp-content\/uploads\/2020\/03\/ambiance-atelier-decoration-industriel-table-fauteuil-objet-lehavre-caen-rouen-76-27-14-3-1024x768.jpg\" class=\"ha-image-grid__item ha-js-lightbox __fltr-1\">\n\t\t\t\t\t<img width=\"768\" height=\"576\" src=\"https:\/\/www.ambiance-atelier-lh.fr\/wp-content\/uploads\/2020\/03\/ambiance-atelier-decoration-industriel-table-fauteuil-objet-lehavre-caen-rouen-76-27-14-3-768x576.jpg\" class=\"elementor-animation-grow\" alt=\"\" loading=\"lazy\" srcset=\"https:\/\/www.ambiance-atelier-lh.fr\/wp-content\/uploads\/2020\/03\/ambiance-atelier-decoration-industriel-table-fauteuil-objet-lehavre-caen-rouen-76-27-14-3-768x576.jpg 768w, https:\/\/www.ambiance-atelier-lh.fr\/wp-content\/uploads\/2020\/03\/ambiance-atelier-decoration-industriel-table-fauteuil-objet-lehavre-caen-rouen-76-27-14-3-scaled-600x450.jpg 600w, https:\/\/www.ambiance-atelier-lh.fr\/wp-content\/uploads\/2020\/03\/ambiance-atelier-decoration-industriel-table-fauteuil-objet-lehavre-caen-rouen-76-27-14-3-300x225.jpg 300w, https:\/\/www.ambiance-atelier-lh.fr\/wp-content\/uploads\/2020\/03\/ambiance-atelier-decoration-industriel-table-fauteuil-objet-lehavre-caen-rouen-76-27-14-3-1024x768.jpg 1024w, https:\/\/www.ambiance-atelier-lh.fr\/wp-content\/uploads\/2020\/03\/ambiance-atelier-decoration-industriel-table-fauteuil-objet-lehavre-caen-rouen-76-27-14-3-1536x1152.jpg 1536w, https:\/\/www.ambiance-atelier-lh.fr\/wp-content\/uploads\/2020\/03\/ambiance-atelier-decoration-industriel-table-fauteuil-objet-lehavre-caen-rouen-76-27-14-3-2048x1536.jpg 2048w\" sizes=\"(max-width: 768px) 100vw, 768px\" \/>\t\t\t\t<\/a>\n\t\t\t\t\t\t\t\n\t\t\t\t<a href=\"#\" data-mfp-src=\"https:\/\/www.ambiance-atelier-lh.fr\/wp-content\/uploads\/2020\/03\/ambiance-atelier-decoration-industriel-table-fauteuil-objet-lehavre-caen-rouen-76-27-14-768x1024.jpg\" class=\"ha-image-grid__item ha-js-lightbox __fltr-1\">\n\t\t\t\t\t<img width=\"768\" height=\"1024\" src=\"https:\/\/www.ambiance-atelier-lh.fr\/wp-content\/uploads\/2020\/03\/ambiance-atelier-decoration-industriel-table-fauteuil-objet-lehavre-caen-rouen-76-27-14-768x1024.jpg\" class=\"elementor-animation-grow\" alt=\"\" loading=\"lazy\" srcset=\"https:\/\/www.ambiance-atelier-lh.fr\/wp-content\/uploads\/2020\/03\/ambiance-atelier-decoration-industriel-table-fauteuil-objet-lehavre-caen-rouen-76-27-14-768x1024.jpg 768w, https:\/\/www.ambiance-atelier-lh.fr\/wp-content\/uploads\/2020\/03\/ambiance-atelier-decoration-industriel-table-fauteuil-objet-lehavre-caen-rouen-76-27-14-scaled-600x800.jpg 600w, https:\/\/www.ambiance-atelier-lh.fr\/wp-content\/uploads\/2020\/03\/ambiance-atelier-decoration-industriel-table-fauteuil-objet-lehavre-caen-rouen-76-27-14-225x300.jpg 225w, https:\/\/www.ambiance-atelier-lh.fr\/wp-content\/uploads\/2020\/03\/ambiance-atelier-decoration-industriel-table-fauteuil-objet-lehavre-caen-rouen-76-27-14-1152x1536.jpg 1152w, https:\/\/www.ambiance-atelier-lh.fr\/wp-content\/uploads\/2020\/03\/ambiance-atelier-decoration-industriel-table-fauteuil-objet-lehavre-caen-rouen-76-27-14-1536x2048.jpg 1536w, https:\/\/www.ambiance-atelier-lh.fr\/wp-content\/uploads\/2020\/03\/ambiance-atelier-decoration-industriel-table-fauteuil-objet-lehavre-caen-rouen-76-27-14-scaled.jpg 1920w\" sizes=\"(max-width: 768px) 100vw, 768px\" \/>\t\t\t\t<\/a>\n\t\t\t\t\t<\/div>\n\n\t\t\t\t<\/div>\n\t\t\t\t<\/div>\n\t\t\t\t\t\t<\/div>\n\t\t\t\t\t<\/div>\n\t\t<\/div>\n\t\t\t\t<div class=\"elementor-column elementor-col-50 elementor-top-column elementor-element elementor-element-7e9163c\" data-id=\"7e9163c\" data-element_type=\"column\">\n\t\t\t<div class=\"elementor-column-wrap elementor-element-populated\">\n\t\t\t\t\t\t\t<div class=\"elementor-widget-wrap\">\n\t\t\t\t\t\t<div class=\"elementor-element elementor-element-4fa44b6 elementor-widget elementor-widget-heading\" data-id=\"4fa44b6\" data-element_type=\"widget\" data-widget_type=\"heading.default\">\n\t\t\t\t<div class=\"elementor-widget-container\">\n\t\t\t<h1 class=\"elementor-heading-title elementor-size-default\"><b>R\u00e9f: Tss0320-1<\/b><\/h1>\t\t<\/div>\n\t\t\t\t<\/div>\n\t\t\t\t<div class=\"elementor-element elementor-element-cce2724 elementor-widget elementor-widget-heading\" data-id=\"cce2724\" data-element_type=\"widget\" data-widget_type=\"heading.default\">\n\t\t\t\t<div class=\"elementor-widget-container\">\n\t\t\t<h1 class=\"elementor-heading-title elementor-size-default\">Dimensions<\/h1>\t\t<\/div>\n\t\t\t\t<\/div>\n\t\t\t\t<div class=\"elementor-element elementor-element-3941ae5 elementor-widget elementor-widget-text-editor\" data-id=\"3941ae5\" data-element_type=\"widget\" data-widget_type=\"text-editor.default\">\n\t\t\t\t<div class=\"elementor-widget-container\">\n\t\t\t\t\t<div class=\"elementor-text-editor elementor-clearfix\"><p>Hauteur en cm :\u00a0 \u00a0 \u00a0 \u00a0 52<\/p><p>Profondeur en cm :\u00a0 \u00a046<\/p><p>Longueur en cm:\u00a0 \u00a0 \u00a0 \u00a046<\/p><p>Poids en Kg:<\/p><\/div>\n\t\t\t\t<\/div>\n\t\t\t\t<\/div>\n\t\t\t\t<div class=\"elementor-element elementor-element-4e327e5 elementor-widget elementor-widget-heading\" data-id=\"4e327e5\" data-element_type=\"widget\" data-widget_type=\"heading.default\">\n\t\t\t\t<div class=\"elementor-widget-container\">\n\t\t\t<h5 class=\"elementor-heading-title elementor-size-default\">R\u00e9alisation:<\/h5>\t\t<\/div>\n\t\t\t\t<\/div>\n\t\t\t\t<div class=\"elementor-element elementor-element-b161ca0 elementor-widget elementor-widget-text-editor\" data-id=\"b161ca0\" data-element_type=\"widget\" data-widget_type=\"text-editor.default\">\n\t\t\t\t<div class=\"elementor-widget-container\">\n\t\t\t\t\t<div class=\"elementor-text-editor elementor-clearfix\"><p>Table basse r\u00e9alis\u00e9e avec des globes d&#8217;\u00e9clairage industriel<\/p><\/div>\n\t\t\t\t<\/div>\n\t\t\t\t<\/div>\n\t\t\t\t<div class=\"elementor-element elementor-element-ff64126 elementor-widget elementor-widget-text-editor\" data-id=\"ff64126\" data-element_type=\"widget\" data-widget_type=\"text-editor.default\">\n\t\t\t\t<div class=\"elementor-widget-container\">\n\t\t\t\t\t<div class=\"elementor-text-editor elementor-clearfix\"><p>Couleur sur demande possible<\/p><\/div>\n\t\t\t\t<\/div>\n\t\t\t\t<\/div>\n\t\t\t\t<div class=\"elementor-element elementor-element-f54c250 elementor-widget elementor-widget-text-editor\" data-id=\"f54c250\" data-element_type=\"widget\" data-widget_type=\"text-editor.default\">\n\t\t\t\t<div class=\"elementor-widget-container\">\n\t\t\t\t\t<div class=\"elementor-text-editor elementor-clearfix\"><\/div>\n\t\t\t\t<\/div>\n\t\t\t\t<\/div>\n\t\t\t\t<div class=\"elementor-element elementor-element-b332404 elementor-widget elementor-widget-e_image_hover_effects\" data-id=\"b332404\" data-element_type=\"widget\" data-widget_type=\"e_image_hover_effects.default\">\n\t\t\t\t<div class=\"elementor-widget-container\">\n\t\t\t\t\t\t<div class=\"eihe-box eihe-slide-right eihe_center\">\r\n\t\t\t\t<img width=\"536\" height=\"48\" src=\"https:\/\/www.ambiance-atelier-lh.fr\/wp-content\/uploads\/2020\/04\/tarif-8.png\" class=\"attachment-medium_large size-medium_large\" alt=\"\" loading=\"lazy\" srcset=\"https:\/\/www.ambiance-atelier-lh.fr\/wp-content\/uploads\/2020\/04\/tarif-8.png 536w, https:\/\/www.ambiance-atelier-lh.fr\/wp-content\/uploads\/2020\/04\/tarif-8-300x27.png 300w\" sizes=\"(max-width: 536px) 100vw, 536px\" \/>\t\t\t\t<div class=\"eihe-caption\">\r\n\t\t\t\t\t<div class=\"eihe-title-cover\">\r\n\t\t\t\t\t\t\t\t\t\t\t\t<h3 class=\"eihe-title\">90<\/h3>\r\n\t\t\t\t\t\t\t\t\t\t\t<\/div>\r\n\t\t\t\t\t<p><\/p>\r\n\t\t\t\t<\/div>\r\n\t\t\t<\/div>\r\n\t\t\t\t<\/div>\n\t\t\t\t<\/div>\n\t\t\t\t\t\t<\/div>\n\t\t\t\t\t<\/div>\n\t\t<\/div>\n\t\t\t\t\t\t\t\t<\/div>\n\t\t\t\t\t<\/div>\n\t\t<\/section>\n\t\t\t\t<section data-ha-element-link=\"{&quot;url&quot;:&quot;https:\\\/\\\/www.ambiance-atelier-lh.fr\\\/index.php\\\/petits-mobilier-dappoint-bac-globe-table-etagere-cadre-tableau-fourchette-cuilliere\\\/&quot;,&quot;is_external&quot;:&quot;&quot;,&quot;nofollow&quot;:&quot;&quot;,&quot;custom_attributes&quot;:&quot;&quot;}\" style=\"cursor: pointer\" class=\"elementor-section elementor-top-section elementor-element elementor-element-c9dd695 elementor-section-boxed elementor-section-height-default elementor-section-height-default\" data-id=\"c9dd695\" data-element_type=\"section\" data-settings=\"{&quot;background_background&quot;:&quot;classic&quot;,&quot;_ha_eqh_enable&quot;:false,&quot;ekit_has_onepagescroll_dot&quot;:&quot;yes&quot;}\">\n\t\t\t\t\t\t<div class=\"elementor-container elementor-column-gap-default\">\n\t\t\t\t\t\t\t<div class=\"elementor-row\">\n\t\t\t\t\t<div class=\"elementor-column elementor-col-33 elementor-top-column elementor-element elementor-element-0f1466e\" data-id=\"0f1466e\" data-element_type=\"column\">\n\t\t\t<div class=\"elementor-column-wrap elementor-element-populated\">\n\t\t\t\t\t\t\t<div class=\"elementor-widget-wrap\">\n\t\t\t\t\t\t<div class=\"elementor-element elementor-element-f93da67 elementor-widget elementor-widget-heading\" data-id=\"f93da67\" data-element_type=\"widget\" data-widget_type=\"heading.default\">\n\t\t\t\t<div class=\"elementor-widget-container\">\n\t\t\t<h2 class=\"elementor-heading-title elementor-size-default\">Revenir aux Petits mobiliers d'appoint<\/h2>\t\t<\/div>\n\t\t\t\t<\/div>\n\t\t\t\t\t\t<\/div>\n\t\t\t\t\t<\/div>\n\t\t<\/div>\n\t\t\t\t<div class=\"elementor-column elementor-col-33 elementor-top-column elementor-element elementor-element-ceb3347\" data-id=\"ceb3347\" data-element_type=\"column\">\n\t\t\t<div class=\"elementor-column-wrap elementor-element-populated\">\n\t\t\t\t\t\t\t<div class=\"elementor-widget-wrap\">\n\t\t\t\t\t\t<div class=\"elementor-element elementor-element-4ba373f elementor-view-default elementor-widget elementor-widget-icon\" data-id=\"4ba373f\" data-element_type=\"widget\" data-widget_type=\"icon.default\">\n\t\t\t\t<div class=\"elementor-widget-container\">\n\t\t\t\t\t<div class=\"elementor-icon-wrapper\">\n\t\t\t<div class=\"elementor-icon\">\n\t\t\t<i aria-hidden=\"true\" class=\"fas fa-undo\"><\/i>\t\t\t<\/div>\n\t\t<\/div>\n\t\t\t\t<\/div>\n\t\t\t\t<\/div>\n\t\t\t\t\t\t<\/div>\n\t\t\t\t\t<\/div>\n\t\t<\/div>\n\t\t\t\t<div class=\"elementor-column elementor-col-33 elementor-top-column elementor-element elementor-element-7910949\" data-id=\"7910949\" data-element_type=\"column\">\n\t\t\t<div class=\"elementor-column-wrap\">\n\t\t\t\t\t\t\t<div class=\"elementor-widget-wrap\">\n\t\t\t\t\t\t\t\t<\/div>\n\t\t\t\t\t<\/div>\n\t\t<\/div>\n\t\t\t\t\t\t\t\t<\/div>\n\t\t\t\t\t<\/div>\n\t\t<\/section>\n\t\t\t\t\t\t<\/div>\n\t\t\t\t\t\t<\/div>\n\t\t\t\t\t<\/div>\n\t\t","protected":false},"excerpt":{"rendered":"<p>R\u00e9f: Tss0320-1 Dimensions Hauteur en cm :\u00a0 \u00a0 \u00a0 \u00a0 52 Profondeur en cm :\u00a0 \u00a046 Longueur en cm:\u00a0 \u00a0 \u00a0 \u00a046 Poids en Kg: R\u00e9alisation: Table basse r\u00e9alis\u00e9e avec des globes d&#8217;\u00e9clairage industriel Couleur sur demande possible 90 Revenir aux Petits mobiliers d&#8217;appoint<\/p>\n","protected":false},"author":1,"featured_media":0,"parent":0,"menu_order":0,"comment_status":"closed","ping_status":"closed","template":"","meta":[],"yoast_head":"<!-- This site is optimized with the Yoast SEO plugin v14.7 - https:\/\/yoast.com\/wordpress\/plugins\/seo\/ -->\n<title>R\u00e9f: Tss0320-1 - AMBIANCE ATELIER<\/title>\n<meta name=\"robots\" content=\"index, follow\" \/>\n<meta name=\"googlebot\" content=\"index, follow, max-snippet:-1, max-image-preview:large, max-video-preview:-1\" \/>\n<meta name=\"bingbot\" content=\"index, follow, max-snippet:-1, max-image-preview:large, max-video-preview:-1\" \/>\n<link rel=\"canonical\" href=\"https:\/\/www.ambiance-atelier-lh.fr\/index.php\/ref-tss0320-1\/\" \/>\n<meta property=\"og:locale\" content=\"fr_FR\" \/>\n<meta property=\"og:type\" content=\"article\" \/>\n<meta property=\"og:title\" content=\"R\u00e9f: Tss0320-1 - AMBIANCE ATELIER\" \/>\n<meta property=\"og:description\" content=\"R\u00e9f: Tss0320-1 Dimensions Hauteur en cm :\u00a0 \u00a0 \u00a0 \u00a0 52 Profondeur en cm :\u00a0 \u00a046 Longueur en cm:\u00a0 \u00a0 \u00a0 \u00a046 Poids en Kg: R\u00e9alisation: Table basse r\u00e9alis\u00e9e avec des globes d&#8217;\u00e9clairage industriel Couleur sur demande possible 90 Revenir aux Petits mobiliers d&#8217;appoint\" \/>\n<meta property=\"og:url\" content=\"https:\/\/www.ambiance-atelier-lh.fr\/index.php\/ref-tss0320-1\/\" \/>\n<meta property=\"og:site_name\" content=\"AMBIANCE ATELIER\" \/>\n<meta property=\"article:modified_time\" content=\"2020-04-21T10:48:21+00:00\" \/>\n<meta property=\"og:image\" content=\"https:\/\/www.ambiance-atelier-lh.fr\/wp-content\/uploads\/2020\/03\/ambiance-atelier-decoration-industriel-table-fauteuil-objet-lehavre-caen-rouen-76-27-14-2-768x576.jpg\" \/>\n<meta name=\"twitter:card\" content=\"summary_large_image\" \/>\n<script type=\"application\/ld+json\" class=\"yoast-schema-graph\">{\"@context\":\"https:\/\/schema.org\",\"@graph\":[{\"@type\":\"WebSite\",\"@id\":\"https:\/\/www.ambiance-atelier-lh.fr\/#website\",\"url\":\"https:\/\/www.ambiance-atelier-lh.fr\/\",\"name\":\"AMBIANCE ATELIER\",\"description\":\"Un site utilisant WordPress\",\"potentialAction\":[{\"@type\":\"SearchAction\",\"target\":\"https:\/\/www.ambiance-atelier-lh.fr\/?s={search_term_string}\",\"query-input\":\"required name=search_term_string\"}],\"inLanguage\":\"fr-FR\"},{\"@type\":\"ImageObject\",\"@id\":\"https:\/\/www.ambiance-atelier-lh.fr\/index.php\/ref-tss0320-1\/#primaryimage\",\"inLanguage\":\"fr-FR\",\"url\":\"https:\/\/www.ambiance-atelier-lh.fr\/wp-content\/uploads\/2020\/03\/ambiance-atelier-decoration-industriel-table-fauteuil-objet-lehavre-caen-rouen-76-27-14-2-768x576.jpg\"},{\"@type\":\"WebPage\",\"@id\":\"https:\/\/www.ambiance-atelier-lh.fr\/index.php\/ref-tss0320-1\/#webpage\",\"url\":\"https:\/\/www.ambiance-atelier-lh.fr\/index.php\/ref-tss0320-1\/\",\"name\":\"R\\u00e9f: Tss0320-1 - AMBIANCE ATELIER\",\"isPartOf\":{\"@id\":\"https:\/\/www.ambiance-atelier-lh.fr\/#website\"},\"primaryImageOfPage\":{\"@id\":\"https:\/\/www.ambiance-atelier-lh.fr\/index.php\/ref-tss0320-1\/#primaryimage\"},\"datePublished\":\"2020-04-19T14:23:07+00:00\",\"dateModified\":\"2020-04-21T10:48:21+00:00\",\"inLanguage\":\"fr-FR\",\"potentialAction\":[{\"@type\":\"ReadAction\",\"target\":[\"https:\/\/www.ambiance-atelier-lh.fr\/index.php\/ref-tss0320-1\/\"]}]}]}<\/script>\n<!-- \/ Yoast SEO plugin. -->","_links":{"self":[{"href":"https:\/\/www.ambiance-atelier-lh.fr\/index.php\/wp-json\/wp\/v2\/pages\/1584"}],"collection":[{"href":"https:\/\/www.ambiance-atelier-lh.fr\/index.php\/wp-json\/wp\/v2\/pages"}],"about":[{"href":"https:\/\/www.ambiance-atelier-lh.fr\/index.php\/wp-json\/wp\/v2\/types\/page"}],"author":[{"embeddable":true,"href":"https:\/\/www.ambiance-atelier-lh.fr\/index.php\/wp-json\/wp\/v2\/users\/1"}],"replies":[{"embeddable":true,"href":"https:\/\/www.ambiance-atelier-lh.fr\/index.php\/wp-json\/wp\/v2\/comments?post=1584"}],"version-history":[{"count":7,"href":"https:\/\/www.ambiance-atelier-lh.fr\/index.php\/wp-json\/wp\/v2\/pages\/1584\/revisions"}],"predecessor-version":[{"id":1746,"href":"https:\/\/www.ambiance-atelier-lh.fr\/index.php\/wp-json\/wp\/v2\/pages\/1584\/revisions\/1746"}],"wp:attachment":[{"href":"https:\/\/www.ambiance-atelier-lh.fr\/index.php\/wp-json\/wp\/v2\/media?parent=1584"}],"curies":[{"name":"wp","href":"https:\/\/api.w.org\/{rel}","templated":true}]}}